{"id":629,"date":"2021-01-11T10:35:27","date_gmt":"2021-01-11T10:35:27","guid":{"rendered":"https:\/\/blower-7515.ytastic.de\/?page_id=629"},"modified":"2023-03-06T08:24:18","modified_gmt":"2023-03-06T08:24:18","slug":"impressum","status":"publish","type":"page","link":"https:\/\/blower-door-varga.de\/index.php\/impressum\/","title":{"rendered":"Impressum"},"content":{"rendered":"\t\t<div data-elementor-type=\"wp-page\" data-elementor-id=\"629\" class=\"elementor elementor-629\">\n\t\t\t\t\t\t<section class=\"elementor-section elementor-top-section elementor-element elementor-element-95acacd elementor-section-stretched elementor-section-boxed elementor-section-height-default elementor-section-height-default\" data-id=\"95acacd\" data-element_type=\"section\" data-e-type=\"section\" data-settings=\"{&quot;stretch_section&quot;:&quot;section-stretched&quot;,&quot;background_background&quot;:&quot;classic&quot;}\">\n\t\t\t\t\t\t<div class=\"elementor-container elementor-column-gap-wider\">\n\t\t\t\t\t<div class=\"elementor-column elementor-col-100 elementor-top-column elementor-element elementor-element-b51d91a\" data-id=\"b51d91a\" data-element_type=\"column\" data-e-type=\"column\">\n\t\t\t<div class=\"elementor-widget-wrap elementor-element-populated\">\n\t\t\t\t\t\t<div class=\"elementor-element elementor-element-7e4fc04 elementor-widget elementor-widget-text-editor\" data-id=\"7e4fc04\" data-element_type=\"widget\" data-e-type=\"widget\" data-widget_type=\"text-editor.default\">\n\t\t\t\t<div class=\"elementor-widget-container\">\n\t\t\t\t\t\t\t\t\t<h2><span style=\"color: #ed8d00;\">Unser<br>Impressum\n<\/span><\/h2>\t\t\t\t\t\t\t\t<\/div>\n\t\t\t\t<\/div>\n\t\t\t\t\t<\/div>\n\t\t<\/div>\n\t\t\t\t\t<\/div>\n\t\t<\/section>\n\t\t\t\t<section class=\"elementor-section elementor-top-section elementor-element elementor-element-5e41921 elementor-section-stretched elementor-section-boxed elementor-section-height-default elementor-section-height-default\" data-id=\"5e41921\" data-element_type=\"section\" data-e-type=\"section\" data-settings=\"{&quot;stretch_section&quot;:&quot;section-stretched&quot;}\">\n\t\t\t\t\t\t<div class=\"elementor-container elementor-column-gap-wider\">\n\t\t\t\t\t<div class=\"elementor-column elementor-col-100 elementor-top-column elementor-element elementor-element-cf8cf65\" data-id=\"cf8cf65\" data-element_type=\"column\" data-e-type=\"column\">\n\t\t\t<div class=\"elementor-widget-wrap elementor-element-populated\">\n\t\t\t\t\t\t<div class=\"elementor-element elementor-element-de8aca8 elementor-widget elementor-widget-text-editor\" data-id=\"de8aca8\" data-element_type=\"widget\" data-e-type=\"widget\" data-widget_type=\"text-editor.default\">\n\t\t\t\t<div class=\"elementor-widget-container\">\n\t\t\t\t\t\t\t\t\t<p style=\"text-align: justify;\">Ich widerspreche hiermit ausdr\u00fccklich der Speicherung meiner Person bzw. meiner Adresse betreffenden Daten nach \u00a7 28 Abs. 4, \u00a7 4 Abs. 1,2 Bundesdatenschutzgesetz (BDSG) und untersage die Nutzung meiner Person bzw. meine Adresse betreffenden Daten zu Werbezwecken. Alle Seiten, Grafiken und Bilder unter der Dom\u00e4ne www.daniel-varga.de unterliegen dem deutschen und internationalem Recht. Das Urheberrecht aller Seiten, Grafiken und Bilder unter dieser Dom\u00e4ne liegt, sofern nicht anders angegeben, bei Daniel Varga. Jedwedes Bildmaterial ist, sofern nicht anders angegeben, frei von Rechten Dritter. Eine Ver\u00f6ffentlichung, Reproduktion, kommerzielle oder anderweitige nicht private Verwendung bedarf meiner schriftlichen Zustimmung. F\u00fcr die Inhalte auf externen Seiten, auf welche verwiesen wird, bin ich nicht verantwortlich.\n<br><br>\nPersonenbezogene Daten werden durch uns erfasst, wenn Sie uns diese von sich aus mitteilen, beispielsweise, wenn Sie mit uns in Kontakt treten. Die uns auf diese Weise \u00fcbermittelten personenbezogenen Daten werden wir selbstverst\u00e4ndlich ausschlie\u00dflich f\u00fcr den Zweck verwenden, zu dem Sie uns diese bei der Kontaktierung zur Verf\u00fcgung stellen. Eine Mitteilung dieser Angaben erfolgt auf freiwilliger Basis und wird in diesen F\u00e4llen von Ihnen selbst initiiert. Soweit es sich hierbei um Angaben zu Kommunikationskan\u00e4len (beispielsweise E-Mail-Adresse, Telefonnummer) handelt, werden wir diese Kan\u00e4le nutzen, um gem\u00e4\u00df Ihrem Anliegen mit Ihnen in Kontakt zu treten.\n<br><br>\nGerne geben wir Ihnen Auskunft dar\u00fcber, ob und welche personenbezogenen Daten von Ihnen bei uns zu welchen Zwecken verarbeitet werden (Art. 15 DSGVO). Dar\u00fcber hinaus steht Ihnen unter den jeweiligen gesetzlichen Voraussetzungen das Recht auf Berichtigung (Art. 16 DSGVO), das Recht auf Einschr\u00e4nkung der Verarbeitung (Art. 18 DSGVO), das Recht auf L\u00f6schung (Art. 17 DSGVO), das Recht auf Widerspruch (Art. 21 DSGVO) und das Recht auf Daten\u00fcbertragbarkeit (Art. 20 DSGVO) zu.\n<br><br>\nSie haben unbeschadet dieser Rechte und der M\u00f6glichkeit einer Geltendmachung eines anderweitigen verwaltungsrechtlichen oder gerichtlichen Rechtsbehelfs, jederzeit die M\u00f6glichkeit, Ihr Recht auf Beschwerde bei einer Aufsichtsbeh\u00f6rde, insbesondere in dem Mitgliedstaat Ihres Aufenthaltsorts, Ihres Arbeitsplatzes oder des Orts des mutma\u00dflichen Versto\u00dfes, geltend zu machen, wenn Sie der Ansicht sind, dass die Verarbeitung der Sie betreffenden personenbezogenen Daten gegen datenschutzrechtliche Vorschriften verst\u00f6\u00dft (Art. 77 DSGVO).\n<br><br>\nDie Inhalte des Internetauftritts wurden mit gr\u00f6\u00dftm\u00f6glicher Sorgfalt und nach bestem Gewissen erstellt. Dennoch \u00fcbernehmen wir keine Gew\u00e4hr f\u00fcr die Aktualit\u00e4t, Vollst\u00e4ndigkeit und Richtigkeit der bereitgestellten Seiten und Inhalte. Sollte Ihnen ein Fehler auffallen, informieren Sie uns gern \u2013 wir k\u00fcmmern uns schnellstm\u00f6glich.<\/p>\t\t\t\t\t\t\t\t<\/div>\n\t\t\t\t<\/div>\n\t\t\t\t\t<\/div>\n\t\t<\/div>\n\t\t\t\t\t<\/div>\n\t\t<\/section>\n\t\t\t\t<\/div>\n\t\t","protected":false},"excerpt":{"rendered":"<p>Unser Impressum Ich widerspreche hiermit ausdr\u00fccklich der Speicherung meiner Person bzw. meiner Adresse betreffenden Daten nach \u00a7 28 Abs. 4, \u00a7 4 Abs. 1,2 Bundesdatenschutzgesetz (BDSG)<span class=\"excerpt-hellip\"> [\u2026]<\/span><\/p>\n","protected":false},"author":1,"featured_media":0,"parent":0,"menu_order":0,"comment_status":"closed","ping_status":"closed","template":"","meta":{"footnotes":""},"class_list":["post-629","page","type-page","status-publish","hentry"],"_links":{"self":[{"href":"https:\/\/blower-door-varga.de\/index.php\/wp-json\/wp\/v2\/pages\/629","targetHints":{"allow":["GET"]}}],"collection":[{"href":"https:\/\/blower-door-varga.de\/index.php\/wp-json\/wp\/v2\/pages"}],"about":[{"href":"https:\/\/blower-door-varga.de\/index.php\/wp-json\/wp\/v2\/types\/page"}],"author":[{"embeddable":true,"href":"https:\/\/blower-door-varga.de\/index.php\/wp-json\/wp\/v2\/users\/1"}],"replies":[{"embeddable":true,"href":"https:\/\/blower-door-varga.de\/index.php\/wp-json\/wp\/v2\/comments?post=629"}],"version-history":[{"count":17,"href":"https:\/\/blower-door-varga.de\/index.php\/wp-json\/wp\/v2\/pages\/629\/revisions"}],"predecessor-version":[{"id":863,"href":"https:\/\/blower-door-varga.de\/index.php\/wp-json\/wp\/v2\/pages\/629\/revisions\/863"}],"wp:attachment":[{"href":"https:\/\/blower-door-varga.de\/index.php\/wp-json\/wp\/v2\/media?parent=629"}],"curies":[{"name":"wp","href":"https:\/\/api.w.org\/{rel}","templated":true}]}}