{"id":565,"date":"2021-01-08T12:13:38","date_gmt":"2021-01-08T12:13:38","guid":{"rendered":"https:\/\/blower-7515.ytastic.de\/?page_id=565"},"modified":"2024-04-02T11:08:10","modified_gmt":"2024-04-02T11:08:10","slug":"thermografie","status":"publish","type":"page","link":"https:\/\/blower-door-varga.de\/index.php\/thermografie\/","title":{"rendered":"Thermografie"},"content":{"rendered":"\t\t<div data-elementor-type=\"wp-page\" data-elementor-id=\"565\" class=\"elementor elementor-565\">\n\t\t\t\t\t\t<section class=\"elementor-section elementor-top-section elementor-element elementor-element-95acacd elementor-section-stretched elementor-section-boxed elementor-section-height-default elementor-section-height-default\" data-id=\"95acacd\" data-element_type=\"section\" data-e-type=\"section\" data-settings=\"{&quot;stretch_section&quot;:&quot;section-stretched&quot;,&quot;background_background&quot;:&quot;classic&quot;}\">\n\t\t\t\t\t\t<div class=\"elementor-container elementor-column-gap-wider\">\n\t\t\t\t\t<div class=\"elementor-column elementor-col-100 elementor-top-column elementor-element elementor-element-b51d91a\" data-id=\"b51d91a\" data-element_type=\"column\" data-e-type=\"column\">\n\t\t\t<div class=\"elementor-widget-wrap elementor-element-populated\">\n\t\t\t\t\t\t<div class=\"elementor-element elementor-element-7e4fc04 elementor-widget elementor-widget-text-editor\" data-id=\"7e4fc04\" data-element_type=\"widget\" data-e-type=\"widget\" data-widget_type=\"text-editor.default\">\n\t\t\t\t<div class=\"elementor-widget-container\">\n\t\t\t\t\t\t\t\t\t<h1><span style=\"color: #ed8d00;\">Thermografie<br \/><\/span><\/h1>\t\t\t\t\t\t\t\t<\/div>\n\t\t\t\t<\/div>\n\t\t\t\t<div class=\"elementor-element elementor-element-012e95c elementor-widget elementor-widget-text-editor\" data-id=\"012e95c\" data-element_type=\"widget\" data-e-type=\"widget\" data-widget_type=\"text-editor.default\">\n\t\t\t\t<div class=\"elementor-widget-container\">\n\t\t\t\t\t\t\t\t\t<h3><span style=\"color: #ed8d00;\">Geb\u00e4ude und Thermografie<br> Qualit\u00e4tsmessung<\/span><\/h3>\t\t\t\t\t\t\t\t<\/div>\n\t\t\t\t<\/div>\n\t\t\t\t\t<\/div>\n\t\t<\/div>\n\t\t\t\t\t<\/div>\n\t\t<\/section>\n\t\t\t\t<section class=\"elementor-section elementor-top-section elementor-element elementor-element-8584797 elementor-section-stretched elementor-section-content-middle elementor-section-boxed elementor-section-height-default elementor-section-height-default\" data-id=\"8584797\" data-element_type=\"section\" data-e-type=\"section\" data-settings=\"{&quot;stretch_section&quot;:&quot;section-stretched&quot;}\">\n\t\t\t\t\t\t<div class=\"elementor-container elementor-column-gap-wider\">\n\t\t\t\t\t<div class=\"elementor-column elementor-col-50 elementor-top-column elementor-element elementor-element-022c416\" data-id=\"022c416\" data-element_type=\"column\" data-e-type=\"column\">\n\t\t\t<div class=\"elementor-widget-wrap elementor-element-populated\">\n\t\t\t\t\t\t<div class=\"elementor-element elementor-element-733621e elementor-widget elementor-widget-image\" data-id=\"733621e\" data-element_type=\"widget\" data-e-type=\"widget\" data-widget_type=\"image.default\">\n\t\t\t\t<div class=\"elementor-widget-container\">\n\t\t\t\t\t\t\t\t\t\t\t\t\t\t\t<img fetchpriority=\"high\" decoding=\"async\" width=\"1024\" height=\"873\" src=\"https:\/\/blower-door-varga.de\/wp-content\/uploads\/2021\/01\/T_6-1024x873.png\" class=\"attachment-large size-large wp-image-652\" alt=\"T_6\" srcset=\"https:\/\/blower-door-varga.de\/wp-content\/uploads\/2021\/01\/T_6-1024x873.png 1024w, https:\/\/blower-door-varga.de\/wp-content\/uploads\/2021\/01\/T_6-300x256.png 300w, https:\/\/blower-door-varga.de\/wp-content\/uploads\/2021\/01\/T_6-768x655.png 768w, https:\/\/blower-door-varga.de\/wp-content\/uploads\/2021\/01\/T_6-171x146.png 171w, https:\/\/blower-door-varga.de\/wp-content\/uploads\/2021\/01\/T_6-50x43.png 50w, https:\/\/blower-door-varga.de\/wp-content\/uploads\/2021\/01\/T_6-88x75.png 88w, https:\/\/blower-door-varga.de\/wp-content\/uploads\/2021\/01\/T_6.png 1114w\" sizes=\"(max-width:767px) 480px, (max-width:1024px) 100vw, 1024px\" \/>\t\t\t\t\t\t\t\t\t\t\t\t\t\t\t<\/div>\n\t\t\t\t<\/div>\n\t\t\t\t\t<\/div>\n\t\t<\/div>\n\t\t\t\t<div class=\"elementor-column elementor-col-50 elementor-top-column elementor-element elementor-element-7c42001\" data-id=\"7c42001\" data-element_type=\"column\" data-e-type=\"column\">\n\t\t\t<div class=\"elementor-widget-wrap elementor-element-populated\">\n\t\t\t\t\t\t<div class=\"elementor-element elementor-element-a962786 elementor-widget elementor-widget-text-editor\" data-id=\"a962786\" data-element_type=\"widget\" data-e-type=\"widget\" data-widget_type=\"text-editor.default\">\n\t\t\t\t<div class=\"elementor-widget-container\">\n\t\t\t\t\t\t\t\t\t<p style=\"text-align: justify;\"><strong>Thermografie<\/strong> ist ein bildgebendes Verfahren, das die f\u00fcr das menschliche Auge unsichtbare W\u00e4rmestrahlung (Infrarotlicht) eines Objektes sichtbar macht. Die <strong>Thermografie<\/strong> ist ein ber\u00fchrungsloses Messverfahren, das hei\u00dft, es k\u00f6nnen auch schnelllaufende Verfahren (Explosionen, Verbrennungen etc.) und Bewegungsabl\u00e4ufe erfasst werden. Mit Hilfe der Thermografie lassen sich Temperaturmessungen fl\u00e4chenf\u00f6rmig erfassen und darstellen (vgl. punktuelle Messungen wie z. B. Thermometer).<br \/><br \/><br \/>Mit <strong>Thermografie<\/strong> bezeichnet man die Feststellung der W\u00e4rmeemission von Gegenst\u00e4nden, Maschinen, H\u00e4usern usw. Der Begriff findet auch in der Medizin Verwendung. Mit Hilfe der <strong>Thermografie<\/strong> kann ein genaues Bild \u00fcber m\u00f6gliche thermische Verluste oder bestehende W\u00e4rmequellen ermittelt werden. Dazu werden w\u00e4rmeempfindlichen Sensoren, Infrarotkameras und Luftstr\u00f6mungstests eingesetzt, die entsprechenden Daten erfasst und ausgewertet und die Ergebnisse meist computerisiert mit bestimmten Standardwerten verglichen. Ein wesentlicher Faktor f\u00fcr die Thermogramme ist der Emissionsgrad des zu untersuchenden Objekts.<\/p>\t\t\t\t\t\t\t\t<\/div>\n\t\t\t\t<\/div>\n\t\t\t\t\t<\/div>\n\t\t<\/div>\n\t\t\t\t\t<\/div>\n\t\t<\/section>\n\t\t\t\t<section class=\"elementor-section elementor-top-section elementor-element elementor-element-f75fd8c elementor-section-stretched elementor-section-content-middle elementor-section-boxed elementor-section-height-default elementor-section-height-default\" data-id=\"f75fd8c\" data-element_type=\"section\" data-e-type=\"section\" data-settings=\"{&quot;stretch_section&quot;:&quot;section-stretched&quot;}\">\n\t\t\t\t\t\t<div class=\"elementor-container elementor-column-gap-wider\">\n\t\t\t\t\t<div class=\"elementor-column elementor-col-50 elementor-top-column elementor-element elementor-element-ff50823\" data-id=\"ff50823\" data-element_type=\"column\" data-e-type=\"column\">\n\t\t\t<div class=\"elementor-widget-wrap elementor-element-populated\">\n\t\t\t\t\t\t<div class=\"elementor-element elementor-element-4f7fe1f elementor-widget elementor-widget-text-editor\" data-id=\"4f7fe1f\" data-element_type=\"widget\" data-e-type=\"widget\" data-widget_type=\"text-editor.default\">\n\t\t\t\t<div class=\"elementor-widget-container\">\n\t\t\t\t\t\t\t\t\t<p style=\"text-align: justify;\">Die <strong>Thermografie<\/strong> ist bei Sanierungen und nat\u00fcrlich auch bei Neubauten ein wichtiges Instrument zur <b>Qualit\u00e4tssicherung<\/b>. Die <b>Qualit\u00e4t <\/b>eines energieeffizienten Geb\u00e4udes h\u00e4ngt nicht nur vom D\u00e4mmmaterial ab, sondern auch von der Planungs- und Ausf\u00fchrungsqualit\u00e4t.<\/p><p>Es muss besonders auf die Vermeidung von W\u00e4rmebr\u00fccken und auf die <b>Luftdichtheit <\/b>geachtet werden. Ursachen daf\u00fcr k\u00f6nnen geometrische Gegebenheiten oder konstruktive Schwachstellen sein. Auch die Wirkung von kleinen Fugen und Ritzen wird oft untersch\u00e4tzt, diese k\u00f6nnen auch zu hohen W\u00e4rmeverlusten f\u00fchren.<\/p>\t\t\t\t\t\t\t\t<\/div>\n\t\t\t\t<\/div>\n\t\t\t\t\t<\/div>\n\t\t<\/div>\n\t\t\t\t<div class=\"elementor-column elementor-col-50 elementor-top-column elementor-element elementor-element-3fc04fe\" data-id=\"3fc04fe\" data-element_type=\"column\" data-e-type=\"column\">\n\t\t\t<div class=\"elementor-widget-wrap elementor-element-populated\">\n\t\t\t\t\t\t<div class=\"elementor-element elementor-element-22439d3 elementor-widget elementor-widget-image\" data-id=\"22439d3\" data-element_type=\"widget\" data-e-type=\"widget\" data-widget_type=\"image.default\">\n\t\t\t\t<div class=\"elementor-widget-container\">\n\t\t\t\t\t\t\t\t\t\t\t\t\t\t\t<img decoding=\"async\" width=\"1024\" height=\"833\" src=\"https:\/\/blower-door-varga.de\/wp-content\/uploads\/2021\/01\/T_5-1-1024x833.png\" class=\"attachment-large size-large wp-image-653\" alt=\"T_5\" srcset=\"https:\/\/blower-door-varga.de\/wp-content\/uploads\/2021\/01\/T_5-1-1024x833.png 1024w, https:\/\/blower-door-varga.de\/wp-content\/uploads\/2021\/01\/T_5-1-300x244.png 300w, https:\/\/blower-door-varga.de\/wp-content\/uploads\/2021\/01\/T_5-1-768x625.png 768w, https:\/\/blower-door-varga.de\/wp-content\/uploads\/2021\/01\/T_5-1-179x146.png 179w, https:\/\/blower-door-varga.de\/wp-content\/uploads\/2021\/01\/T_5-1-50x41.png 50w, https:\/\/blower-door-varga.de\/wp-content\/uploads\/2021\/01\/T_5-1-92x75.png 92w, https:\/\/blower-door-varga.de\/wp-content\/uploads\/2021\/01\/T_5-1.png 1128w\" sizes=\"(max-width:767px) 480px, (max-width:1024px) 100vw, 1024px\" \/>\t\t\t\t\t\t\t\t\t\t\t\t\t\t\t<\/div>\n\t\t\t\t<\/div>\n\t\t\t\t\t<\/div>\n\t\t<\/div>\n\t\t\t\t\t<\/div>\n\t\t<\/section>\n\t\t\t\t<section class=\"elementor-section elementor-top-section elementor-element elementor-element-5e41921 elementor-section-stretched elementor-section-boxed elementor-section-height-default elementor-section-height-default\" data-id=\"5e41921\" data-element_type=\"section\" data-e-type=\"section\" data-settings=\"{&quot;stretch_section&quot;:&quot;section-stretched&quot;}\">\n\t\t\t\t\t\t<div class=\"elementor-container elementor-column-gap-wider\">\n\t\t\t\t\t<div class=\"elementor-column elementor-col-100 elementor-top-column elementor-element elementor-element-cf8cf65\" data-id=\"cf8cf65\" data-element_type=\"column\" data-e-type=\"column\">\n\t\t\t<div class=\"elementor-widget-wrap elementor-element-populated\">\n\t\t\t\t\t\t<div class=\"elementor-element elementor-element-c1dcfa9 elementor-widget elementor-widget-text-editor\" data-id=\"c1dcfa9\" data-element_type=\"widget\" data-e-type=\"widget\" data-widget_type=\"text-editor.default\">\n\t\t\t\t<div class=\"elementor-widget-container\">\n\t\t\t\t\t\t\t\t\t<h2><span style=\"color: #ed8d00; font-size:28px\">Ein Bild sagt mehr als tausend Worte\n<\/span><\/h2>\t\t\t\t\t\t\t\t<\/div>\n\t\t\t\t<\/div>\n\t\t\t\t<div class=\"elementor-element elementor-element-c0a54dc elementor-widget elementor-widget-image\" data-id=\"c0a54dc\" data-element_type=\"widget\" data-e-type=\"widget\" data-widget_type=\"image.default\">\n\t\t\t\t<div class=\"elementor-widget-container\">\n\t\t\t\t\t\t\t\t\t\t\t\t\t\t\t<img decoding=\"async\" width=\"1024\" height=\"431\" src=\"https:\/\/blower-door-varga.de\/wp-content\/uploads\/2021\/01\/T_1-1024x431.png\" class=\"attachment-large size-large wp-image-654\" alt=\"T_1\" srcset=\"https:\/\/blower-door-varga.de\/wp-content\/uploads\/2021\/01\/T_1-1024x431.png 1024w, https:\/\/blower-door-varga.de\/wp-content\/uploads\/2021\/01\/T_1-300x126.png 300w, https:\/\/blower-door-varga.de\/wp-content\/uploads\/2021\/01\/T_1-768x323.png 768w, https:\/\/blower-door-varga.de\/wp-content\/uploads\/2021\/01\/T_1-260x109.png 260w, https:\/\/blower-door-varga.de\/wp-content\/uploads\/2021\/01\/T_1-50x21.png 50w, https:\/\/blower-door-varga.de\/wp-content\/uploads\/2021\/01\/T_1-150x63.png 150w, https:\/\/blower-door-varga.de\/wp-content\/uploads\/2021\/01\/T_1.png 1491w\" sizes=\"(max-width:767px) 480px, (max-width:1024px) 100vw, 1024px\" \/>\t\t\t\t\t\t\t\t\t\t\t\t\t\t\t<\/div>\n\t\t\t\t<\/div>\n\t\t\t\t<div class=\"elementor-element elementor-element-de8aca8 elementor-widget elementor-widget-text-editor\" data-id=\"de8aca8\" data-element_type=\"widget\" data-e-type=\"widget\" data-widget_type=\"text-editor.default\">\n\t\t\t\t<div class=\"elementor-widget-container\">\n\t\t\t\t\t\t\t\t\t<p style=\"text-align: justify;\"><strong>Thermografie<\/strong> ist ein hervorragendes Instrument, um W\u00e4rmeverluste sichtbar zu machen, um das Bewusstsein f\u00fcr Energie- Verluste und Verbrauch zu sch\u00e4rfen und die Qualit\u00e4t von durchgef\u00fchrten W\u00e4rmed\u00e4mmma\u00dfnahmen bei Sanierung und Neubau zu \u00fcberpr\u00fcfen. <strong>Thermografie<\/strong>&#8211;<strong>Bilder<\/strong> (Thermogramme) zeigen die W\u00e4rmeverteilung auf Oberfl\u00e4chen. Sehr h\u00e4ufig kann man aber darauf schlie\u00dfen, was sich unter einer Oberfl\u00e4che verbirgt, wenn man die Beschaffenheit des Materials kennt.<br \/><br \/><br \/>Zur Qualit\u00e4tssicherung wird die Thermografie zunehmend bei der \u00dcberpr\u00fcfung von Bestandgeb\u00e4uden und der ordnungsgem\u00e4\u00dfen D\u00e4mmung im Baugewerbe eingesetzt (Bauthermografie). Es ist eine sehr gute M\u00f6glichkeit, Baufehler zerst\u00f6rungsfrei und sehr eindrucksvoll nachzuweisen. W\u00e4rmebr\u00fccken erh\u00f6hen den W\u00e4rmebedarf, beeintr\u00e4chtigen die Behaglichkeit, k\u00f6nnen Schimmelpilzkulturen erm\u00f6glichen und Bausch\u00e4den verursachen. Durch korrekte Baukonstruktionsdetails k\u00f6nnen viele W\u00e4rmebr\u00fccken vermieden, wenigstens aber ihre Wirkung gemindert werden. Die W\u00e4rmeverluste aus W\u00e4rmebr\u00fccken betragen meistens mehr als 15 % des gesamten Transmissionsw\u00e4rmeverlustes des Hauses.<\/p>\t\t\t\t\t\t\t\t<\/div>\n\t\t\t\t<\/div>\n\t\t\t\t<div class=\"elementor-element elementor-element-a2f0547 elementor-widget elementor-widget-image\" data-id=\"a2f0547\" data-element_type=\"widget\" data-e-type=\"widget\" data-widget_type=\"image.default\">\n\t\t\t\t<div class=\"elementor-widget-container\">\n\t\t\t\t\t\t\t\t\t\t\t\t\t\t\t<img loading=\"lazy\" decoding=\"async\" width=\"1024\" height=\"432\" src=\"https:\/\/blower-door-varga.de\/wp-content\/uploads\/2021\/01\/T_4-1-1024x432.png\" class=\"attachment-large size-large wp-image-771\" alt=\"Blower Door Varga\" srcset=\"https:\/\/blower-door-varga.de\/wp-content\/uploads\/2021\/01\/T_4-1-1024x432.png 1024w, https:\/\/blower-door-varga.de\/wp-content\/uploads\/2021\/01\/T_4-1-300x127.png 300w, https:\/\/blower-door-varga.de\/wp-content\/uploads\/2021\/01\/T_4-1-768x324.png 768w, https:\/\/blower-door-varga.de\/wp-content\/uploads\/2021\/01\/T_4-1-260x110.png 260w, https:\/\/blower-door-varga.de\/wp-content\/uploads\/2021\/01\/T_4-1-50x21.png 50w, https:\/\/blower-door-varga.de\/wp-content\/uploads\/2021\/01\/T_4-1-150x63.png 150w, https:\/\/blower-door-varga.de\/wp-content\/uploads\/2021\/01\/T_4-1.png 1494w\" sizes=\"(max-width:767px) 480px, (max-width:1024px) 100vw, 1024px\" \/>\t\t\t\t\t\t\t\t\t\t\t\t\t\t\t<\/div>\n\t\t\t\t<\/div>\n\t\t\t\t<div class=\"elementor-element elementor-element-77c6561 elementor-widget elementor-widget-image\" data-id=\"77c6561\" data-element_type=\"widget\" data-e-type=\"widget\" data-widget_type=\"image.default\">\n\t\t\t\t<div class=\"elementor-widget-container\">\n\t\t\t\t\t\t\t\t\t\t\t\t\t\t\t<img loading=\"lazy\" decoding=\"async\" width=\"1024\" height=\"880\" src=\"https:\/\/blower-door-varga.de\/wp-content\/uploads\/2021\/01\/T_7-1-1024x880.png\" class=\"attachment-large size-large wp-image-772\" alt=\"Blower Door Varga\" srcset=\"https:\/\/blower-door-varga.de\/wp-content\/uploads\/2021\/01\/T_7-1-1024x880.png 1024w, https:\/\/blower-door-varga.de\/wp-content\/uploads\/2021\/01\/T_7-1-300x258.png 300w, https:\/\/blower-door-varga.de\/wp-content\/uploads\/2021\/01\/T_7-1-768x660.png 768w, https:\/\/blower-door-varga.de\/wp-content\/uploads\/2021\/01\/T_7-1-170x146.png 170w, https:\/\/blower-door-varga.de\/wp-content\/uploads\/2021\/01\/T_7-1-50x43.png 50w, https:\/\/blower-door-varga.de\/wp-content\/uploads\/2021\/01\/T_7-1-87x75.png 87w, https:\/\/blower-door-varga.de\/wp-content\/uploads\/2021\/01\/T_7-1.png 1115w\" sizes=\"(max-width:767px) 480px, (max-width:1024px) 100vw, 1024px\" \/>\t\t\t\t\t\t\t\t\t\t\t\t\t\t\t<\/div>\n\t\t\t\t<\/div>\n\t\t\t\t\t<\/div>\n\t\t<\/div>\n\t\t\t\t\t<\/div>\n\t\t<\/section>\n\t\t\t\t<section class=\"elementor-section elementor-top-section elementor-element elementor-element-c850311 elementor-section-stretched elementor-section-boxed elementor-section-height-default elementor-section-height-default\" data-id=\"c850311\" data-element_type=\"section\" data-e-type=\"section\" data-settings=\"{&quot;stretch_section&quot;:&quot;section-stretched&quot;,&quot;background_background&quot;:&quot;classic&quot;}\">\n\t\t\t\t\t\t<div class=\"elementor-container elementor-column-gap-wider\">\n\t\t\t\t\t<div class=\"elementor-column elementor-col-100 elementor-top-column elementor-element elementor-element-6a19a41\" data-id=\"6a19a41\" data-element_type=\"column\" data-e-type=\"column\">\n\t\t\t<div class=\"elementor-widget-wrap elementor-element-populated\">\n\t\t\t\t\t\t<div class=\"elementor-element elementor-element-03a0e94 elementor-widget elementor-widget-text-editor\" data-id=\"03a0e94\" data-element_type=\"widget\" data-e-type=\"widget\" data-widget_type=\"text-editor.default\">\n\t\t\t\t<div class=\"elementor-widget-container\">\n\t\t\t\t\t\t\t\t\t<h5><span style=\"color: #ed8d00; font-size: 58px;\">Haben Sie Fragen?<\/span><br \/><span style=\"color: #fff; font-size: 58px;\">Kontaktieren Sie uns!<\/span><\/h5>\t\t\t\t\t\t\t\t<\/div>\n\t\t\t\t<\/div>\n\t\t\t\t<div class=\"elementor-element elementor-element-8aa27ba elementor-widget elementor-widget-shortcode\" data-id=\"8aa27ba\" data-element_type=\"widget\" data-e-type=\"widget\" data-widget_type=\"shortcode.default\">\n\t\t\t\t<div class=\"elementor-widget-container\">\n\t\t\t\t\t\t\t<div class=\"elementor-shortcode\">\n<div class=\"wpcf7 no-js\" id=\"wpcf7-f190-o1\" lang=\"en-US\" dir=\"ltr\" data-wpcf7-id=\"190\">\n<div class=\"screen-reader-response\"><p role=\"status\" aria-live=\"polite\" aria-atomic=\"true\"><\/p> <ul><\/ul><\/div>\n<form action=\"\/index.php\/wp-json\/wp\/v2\/pages\/565#wpcf7-f190-o1\" method=\"post\" class=\"wpcf7-form init\" aria-label=\"Contact form\" novalidate=\"novalidate\" data-status=\"init\">\n<fieldset class=\"hidden-fields-container\"><input type=\"hidden\" name=\"_wpcf7\" value=\"190\" \/><input type=\"hidden\" name=\"_wpcf7_version\" value=\"6.1.5\" \/><input type=\"hidden\" name=\"_wpcf7_locale\" value=\"en_US\" \/><input type=\"hidden\" name=\"_wpcf7_unit_tag\" value=\"wpcf7-f190-o1\" \/><input type=\"hidden\" name=\"_wpcf7_container_post\" value=\"0\" \/><input type=\"hidden\" name=\"_wpcf7_posted_data_hash\" value=\"\" \/>\n<\/fieldset>\n<div class=\"column one\">\n\t<p><label><span class=\"wpcf7-form-control-wrap\" data-name=\"your-name\"><input size=\"40\" maxlength=\"400\" class=\"wpcf7-form-control wpcf7-text wpcf7-validates-as-required\" aria-required=\"true\" aria-invalid=\"false\" placeholder=\"Name\" value=\"\" type=\"text\" name=\"your-name\" \/><\/span> <\/label>\n\t<\/p>\n<\/div>\n<div class=\"column one-second\">\n\t<p><label><span class=\"wpcf7-form-control-wrap\" data-name=\"your-email\"><input size=\"40\" maxlength=\"400\" class=\"wpcf7-form-control wpcf7-email wpcf7-validates-as-required wpcf7-text wpcf7-validates-as-email\" aria-required=\"true\" aria-invalid=\"false\" placeholder=\"E-Mail\" value=\"\" type=\"email\" name=\"your-email\" \/><\/span><\/label>\n\t<\/p>\n<\/div>\n<p><span id=\"wpcf7-69db69e550977-wrapper\" class=\"wpcf7-form-control-wrap Postleitzahl-wrap\" style=\"display:none !important; visibility:hidden !important;\"><label for=\"wpcf7-69db69e550977-field\" class=\"hp-message\">Please leave this field empty.<\/label><input id=\"wpcf7-69db69e550977-field\"  class=\"wpcf7-form-control wpcf7-text\" type=\"text\" name=\"Postleitzahl\" value=\"\" size=\"40\" tabindex=\"-1\" autocomplete=\"new-password\" \/><\/span>\n<\/p>\n<div class=\"column one-second\">\n\t<p><label><span class=\"wpcf7-form-control-wrap\" data-name=\"your-subject\"><input size=\"40\" maxlength=\"400\" class=\"wpcf7-form-control wpcf7-text\" aria-invalid=\"false\" placeholder=\"Betreff\" value=\"\" type=\"text\" name=\"your-subject\" \/><\/span><\/label>\n\t<\/p>\n<\/div>\n<div class=\"column one\">\n\t<p><label><span class=\"wpcf7-form-control-wrap\" data-name=\"your-message\"><textarea cols=\"40\" rows=\"10\" maxlength=\"2000\" class=\"wpcf7-form-control wpcf7-textarea\" aria-invalid=\"false\" placeholder=\"Ihre Nachricht\" name=\"your-message\"><\/textarea><\/span> <\/label>\n\t<\/p>\n<\/div>\n<div class=\"column one\">\n\t<p><input class=\"wpcf7-form-control wpcf7-submit has-spinner button_full_width\" type=\"submit\" value=\"Absenden\" \/>\n\t<\/p>\n<\/div><div class=\"wpcf7-response-output\" aria-hidden=\"true\"><\/div>\n<\/form>\n<\/div>\n<\/div>\n\t\t\t\t\t\t<\/div>\n\t\t\t\t<\/div>\n\t\t\t\t\t<\/div>\n\t\t<\/div>\n\t\t\t\t\t<\/div>\n\t\t<\/section>\n\t\t\t\t<\/div>\n\t\t","protected":false},"excerpt":{"rendered":"<p>Thermografie Geb\u00e4ude und Thermografie Qualit\u00e4tsmessung Thermografie ist ein bildgebendes Verfahren, das die f\u00fcr das menschliche Auge unsichtbare W\u00e4rmestrahlung (Infrarotlicht) eines Objektes sichtbar macht. Die Thermografie ist<span class=\"excerpt-hellip\"> [\u2026]<\/span><\/p>\n","protected":false},"author":1,"featured_media":0,"parent":0,"menu_order":0,"comment_status":"closed","ping_status":"closed","template":"","meta":{"footnotes":""},"class_list":["post-565","page","type-page","status-publish","hentry"],"_links":{"self":[{"href":"https:\/\/blower-door-varga.de\/index.php\/wp-json\/wp\/v2\/pages\/565","targetHints":{"allow":["GET"]}}],"collection":[{"href":"https:\/\/blower-door-varga.de\/index.php\/wp-json\/wp\/v2\/pages"}],"about":[{"href":"https:\/\/blower-door-varga.de\/index.php\/wp-json\/wp\/v2\/types\/page"}],"author":[{"embeddable":true,"href":"https:\/\/blower-door-varga.de\/index.php\/wp-json\/wp\/v2\/users\/1"}],"replies":[{"embeddable":true,"href":"https:\/\/blower-door-varga.de\/index.php\/wp-json\/wp\/v2\/comments?post=565"}],"version-history":[{"count":46,"href":"https:\/\/blower-door-varga.de\/index.php\/wp-json\/wp\/v2\/pages\/565\/revisions"}],"predecessor-version":[{"id":978,"href":"https:\/\/blower-door-varga.de\/index.php\/wp-json\/wp\/v2\/pages\/565\/revisions\/978"}],"wp:attachment":[{"href":"https:\/\/blower-door-varga.de\/index.php\/wp-json\/wp\/v2\/media?parent=565"}],"curies":[{"name":"wp","href":"https:\/\/api.w.org\/{rel}","templated":true}]}}